{"id":89,"date":"2023-05-17T16:57:55","date_gmt":"2023-05-17T15:57:55","guid":{"rendered":"https:\/\/liandevakantiehuis.nl\/?page_id=89"},"modified":"2023-05-25T22:27:55","modified_gmt":"2023-05-25T21:27:55","slug":"lekker-genieten-aan-een-bosrand-op-de-veluwe","status":"publish","type":"page","link":"https:\/\/liandevakantiehuis.nl\/index.php\/lekker-genieten-aan-een-bosrand-op-de-veluwe\/","title":{"rendered":"Lekker genieten aan een bosrand op de Veluwe?"},"content":{"rendered":"\n<p> <p>Kom met het hele gezin heerlijk tot rust in deze vredige accomodatie op recreatiepark &#8220;de IJsvogel&#8221;.<\/p><p>Chalet &#8220;de Evelien&#8221; is een keurig ingericht chalet, grenzend aan de parkeerplaats voor dit deel van park.<\/p><p><strong>Indeling:<\/strong><\/p><p>Open keuken voorzien van koelkast met vriesvak en een magnetron. Een koffiezet apparaat, water koker, en theepot.<\/p><p>Woonkamer met schuifpui naar het terrasje en de tuin. Een nieuwe airco.<\/p><p>Twee slaapkamers waarvan \u00e9\u00e9n met 2 los van elkaar staande \u00e9\u00e9npersoonsbedden en \u00e9\u00e9n met tegen elkaar geplaatste \u00e9\u00e9npersoonsbedden met ieder een eigen dekbed.<\/p><p>Badkamer voorzien van toilet, douche, wastafel en toiletpapier.<\/p><p><strong>Parkeren en overige faciliteiten:<\/strong><\/p><p>Het parkeerterrein voor uw auto is vlakbij het chalet.<\/p><p>Verder kunt u gebruik maken van de diverse faciliteiten op het park zoals: binnen- en buitenzwembad, speeltuin, bowling(met toeslag), wasmachine en droger(met toeslag)<\/p><p><strong>Prijsinformatie:<\/strong><\/p><p>Huurprijs per week is \u20ac 650,- (maximaal 4 personen)<\/p><p>Verplichtte kosten van \u20ac 75,- voor eindschoonmaak + beddengoed (maximaal 4 personen).<\/p><p><strong>Overige informatie:<\/strong><\/p><p>Roken binnen en buiten de Chalet is verboden. Huisdieren niet toegestaan.<\/p><p>U dient zelf (bad)handdoeken, washanden, spons en douchegel e.d. mee te nemen. Theedoeken zijn wel aanwezig.<\/p><p>Interesse of vragen? Stuur een e-mail naar: chaletdeevelien@gmail.com<\/p><\/p>\n","protected":false},"excerpt":{"rendered":"<p>Kom met het hele gezin heerlijk tot rust in deze vredige accomodatie op recreatiepark &#8220;de IJsvogel&#8221;. Chalet &#8220;de Evelien&#8221; is een keurig ingericht chalet, grenzend aan de parkeerplaats voor dit deel van park. Indeling: Open keuken voorzien van koelkast met vriesvak en een magnetron. Een koffiezet apparaat, water koker, en theepot. Woonkamer met schuifpui naar [&hellip;]<\/p>\n","protected":false},"author":1,"featured_media":0,"parent":0,"menu_order":0,"comment_status":"closed","ping_status":"closed","template":"","meta":{"_monsterinsights_skip_tracking":false,"_monsterinsights_sitenote_active":false,"_monsterinsights_sitenote_note":"","_monsterinsights_sitenote_category":0,"footnotes":""},"class_list":["post-89","page","type-page","status-publish","hentry"],"yoast_head":"<!-- This site is optimized with the Yoast SEO plugin v27.3 - https:\/\/yoast.com\/product\/yoast-seo-wordpress\/ -->\n<title>Lekker genieten aan een bosrand op de Veluwe? - Chalet in de veluwe-Chalet de Evelien - comfortable chalet with airconditioning for a cool relaxing stay<\/title>\n<meta name=\"description\" content=\"Chalet te huur op vakantiepark &quot;de IJsvogel&quot; in Voorthuizen. Kom met het hele gezin heerlijk tot rust in deze vredige accommodatie aan de bosrand.\" \/>\n<meta name=\"robots\" content=\"index, follow, max-snippet:-1, max-image-preview:large, max-video-preview:-1\" \/>\n<link rel=\"canonical\" href=\"https:\/\/liandevakantiehuis.nl\/index.php\/lekker-genieten-aan-een-bosrand-op-de-veluwe\/\" \/>\n<meta property=\"og:locale\" content=\"en_US\" \/>\n<meta property=\"og:type\" content=\"article\" \/>\n<meta property=\"og:title\" content=\"Lekker genieten aan een bosrand op de Veluwe? - Chalet in de veluwe-Chalet de Evelien - comfortable chalet with airconditioning for a cool relaxing stay\" \/>\n<meta property=\"og:description\" content=\"Chalet te huur op vakantiepark &quot;de IJsvogel&quot; in Voorthuizen. Kom met het hele gezin heerlijk tot rust in deze vredige accommodatie aan de bosrand.\" \/>\n<meta property=\"og:url\" content=\"https:\/\/liandevakantiehuis.nl\/index.php\/lekker-genieten-aan-een-bosrand-op-de-veluwe\/\" \/>\n<meta property=\"og:site_name\" content=\"Chalet in de veluwe-Chalet de Evelien - comfortable chalet with airconditioning for a cool relaxing stay\" \/>\n<meta property=\"article:modified_time\" content=\"2023-05-25T21:27:55+00:00\" \/>\n<meta name=\"twitter:card\" content=\"summary_large_image\" \/>\n<meta name=\"twitter:label1\" content=\"Est. reading time\" \/>\n\t<meta name=\"twitter:data1\" content=\"1 minute\" \/>\n<script type=\"application\/ld+json\" class=\"yoast-schema-graph\">{\"@context\":\"https:\\\/\\\/schema.org\",\"@graph\":[{\"@type\":\"WebPage\",\"@id\":\"https:\\\/\\\/liandevakantiehuis.nl\\\/index.php\\\/lekker-genieten-aan-een-bosrand-op-de-veluwe\\\/\",\"url\":\"https:\\\/\\\/liandevakantiehuis.nl\\\/index.php\\\/lekker-genieten-aan-een-bosrand-op-de-veluwe\\\/\",\"name\":\"Lekker genieten aan een bosrand op de Veluwe? - Chalet in de veluwe-Chalet de Evelien - comfortable chalet with airconditioning for a cool relaxing stay\",\"isPartOf\":{\"@id\":\"https:\\\/\\\/liandevakantiehuis.nl\\\/#website\"},\"datePublished\":\"2023-05-17T15:57:55+00:00\",\"dateModified\":\"2023-05-25T21:27:55+00:00\",\"description\":\"Chalet te huur op vakantiepark \\\"de IJsvogel\\\" in Voorthuizen. Kom met het hele gezin heerlijk tot rust in deze vredige accommodatie aan de bosrand.\",\"breadcrumb\":{\"@id\":\"https:\\\/\\\/liandevakantiehuis.nl\\\/index.php\\\/lekker-genieten-aan-een-bosrand-op-de-veluwe\\\/#breadcrumb\"},\"inLanguage\":\"en-US\",\"potentialAction\":[{\"@type\":\"ReadAction\",\"target\":[\"https:\\\/\\\/liandevakantiehuis.nl\\\/index.php\\\/lekker-genieten-aan-een-bosrand-op-de-veluwe\\\/\"]}]},{\"@type\":\"BreadcrumbList\",\"@id\":\"https:\\\/\\\/liandevakantiehuis.nl\\\/index.php\\\/lekker-genieten-aan-een-bosrand-op-de-veluwe\\\/#breadcrumb\",\"itemListElement\":[{\"@type\":\"ListItem\",\"position\":1,\"name\":\"Home\",\"item\":\"https:\\\/\\\/liandevakantiehuis.nl\\\/\"},{\"@type\":\"ListItem\",\"position\":2,\"name\":\"Lekker genieten aan een bosrand op de Veluwe?\"}]},{\"@type\":\"WebSite\",\"@id\":\"https:\\\/\\\/liandevakantiehuis.nl\\\/#website\",\"url\":\"https:\\\/\\\/liandevakantiehuis.nl\\\/\",\"name\":\"Chalet in de veluwe-Chalet de Evelien - comfortable chalet with airconditioning for a cool relaxing stay\",\"description\":\"Even lekker weg en ontspannen in de natuur\",\"potentialAction\":[{\"@type\":\"SearchAction\",\"target\":{\"@type\":\"EntryPoint\",\"urlTemplate\":\"https:\\\/\\\/liandevakantiehuis.nl\\\/?s={search_term_string}\"},\"query-input\":{\"@type\":\"PropertyValueSpecification\",\"valueRequired\":true,\"valueName\":\"search_term_string\"}}],\"inLanguage\":\"en-US\"}]}<\/script>\n<!-- \/ Yoast SEO plugin. -->","yoast_head_json":{"title":"Lekker genieten aan een bosrand op de Veluwe? - Chalet in de veluwe-Chalet de Evelien - comfortable chalet with airconditioning for a cool relaxing stay","description":"Chalet te huur op vakantiepark \"de IJsvogel\" in Voorthuizen. Kom met het hele gezin heerlijk tot rust in deze vredige accommodatie aan de bosrand.","robots":{"index":"index","follow":"follow","max-snippet":"max-snippet:-1","max-image-preview":"max-image-preview:large","max-video-preview":"max-video-preview:-1"},"canonical":"https:\/\/liandevakantiehuis.nl\/index.php\/lekker-genieten-aan-een-bosrand-op-de-veluwe\/","og_locale":"en_US","og_type":"article","og_title":"Lekker genieten aan een bosrand op de Veluwe? - Chalet in de veluwe-Chalet de Evelien - comfortable chalet with airconditioning for a cool relaxing stay","og_description":"Chalet te huur op vakantiepark \"de IJsvogel\" in Voorthuizen. Kom met het hele gezin heerlijk tot rust in deze vredige accommodatie aan de bosrand.","og_url":"https:\/\/liandevakantiehuis.nl\/index.php\/lekker-genieten-aan-een-bosrand-op-de-veluwe\/","og_site_name":"Chalet in de veluwe-Chalet de Evelien - comfortable chalet with airconditioning for a cool relaxing stay","article_modified_time":"2023-05-25T21:27:55+00:00","twitter_card":"summary_large_image","twitter_misc":{"Est. reading time":"1 minute"},"schema":{"@context":"https:\/\/schema.org","@graph":[{"@type":"WebPage","@id":"https:\/\/liandevakantiehuis.nl\/index.php\/lekker-genieten-aan-een-bosrand-op-de-veluwe\/","url":"https:\/\/liandevakantiehuis.nl\/index.php\/lekker-genieten-aan-een-bosrand-op-de-veluwe\/","name":"Lekker genieten aan een bosrand op de Veluwe? - Chalet in de veluwe-Chalet de Evelien - comfortable chalet with airconditioning for a cool relaxing stay","isPartOf":{"@id":"https:\/\/liandevakantiehuis.nl\/#website"},"datePublished":"2023-05-17T15:57:55+00:00","dateModified":"2023-05-25T21:27:55+00:00","description":"Chalet te huur op vakantiepark \"de IJsvogel\" in Voorthuizen. Kom met het hele gezin heerlijk tot rust in deze vredige accommodatie aan de bosrand.","breadcrumb":{"@id":"https:\/\/liandevakantiehuis.nl\/index.php\/lekker-genieten-aan-een-bosrand-op-de-veluwe\/#breadcrumb"},"inLanguage":"en-US","potentialAction":[{"@type":"ReadAction","target":["https:\/\/liandevakantiehuis.nl\/index.php\/lekker-genieten-aan-een-bosrand-op-de-veluwe\/"]}]},{"@type":"BreadcrumbList","@id":"https:\/\/liandevakantiehuis.nl\/index.php\/lekker-genieten-aan-een-bosrand-op-de-veluwe\/#breadcrumb","itemListElement":[{"@type":"ListItem","position":1,"name":"Home","item":"https:\/\/liandevakantiehuis.nl\/"},{"@type":"ListItem","position":2,"name":"Lekker genieten aan een bosrand op de Veluwe?"}]},{"@type":"WebSite","@id":"https:\/\/liandevakantiehuis.nl\/#website","url":"https:\/\/liandevakantiehuis.nl\/","name":"Chalet in de veluwe-Chalet de Evelien - comfortable chalet with airconditioning for a cool relaxing stay","description":"Even lekker weg en ontspannen in de natuur","potentialAction":[{"@type":"SearchAction","target":{"@type":"EntryPoint","urlTemplate":"https:\/\/liandevakantiehuis.nl\/?s={search_term_string}"},"query-input":{"@type":"PropertyValueSpecification","valueRequired":true,"valueName":"search_term_string"}}],"inLanguage":"en-US"}]}},"_links":{"self":[{"href":"https:\/\/liandevakantiehuis.nl\/index.php\/wp-json\/wp\/v2\/pages\/89","targetHints":{"allow":["GET"]}}],"collection":[{"href":"https:\/\/liandevakantiehuis.nl\/index.php\/wp-json\/wp\/v2\/pages"}],"about":[{"href":"https:\/\/liandevakantiehuis.nl\/index.php\/wp-json\/wp\/v2\/types\/page"}],"author":[{"embeddable":true,"href":"https:\/\/liandevakantiehuis.nl\/index.php\/wp-json\/wp\/v2\/users\/1"}],"replies":[{"embeddable":true,"href":"https:\/\/liandevakantiehuis.nl\/index.php\/wp-json\/wp\/v2\/comments?post=89"}],"version-history":[{"count":3,"href":"https:\/\/liandevakantiehuis.nl\/index.php\/wp-json\/wp\/v2\/pages\/89\/revisions"}],"predecessor-version":[{"id":126,"href":"https:\/\/liandevakantiehuis.nl\/index.php\/wp-json\/wp\/v2\/pages\/89\/revisions\/126"}],"wp:attachment":[{"href":"https:\/\/liandevakantiehuis.nl\/index.php\/wp-json\/wp\/v2\/media?parent=89"}],"curies":[{"name":"wp","href":"https:\/\/api.w.org\/{rel}","templated":true}]}}